{"id":21041,"date":"2024-04-22T12:32:04","date_gmt":"2024-04-22T12:32:04","guid":{"rendered":"https:\/\/aimdoll.com\/product\/148-cm-mini-anime-dark-elf-teen-sex-doll\/"},"modified":"2024-05-14T08:05:47","modified_gmt":"2024-05-14T08:05:47","slug":"148-cm-mini-anime-dark-elf-teen-sex-doll","status":"publish","type":"product","link":"https:\/\/umidoll.com\/fr\/product\/148-cm-mini-anime-poupee-de-sexe-ado-elfe-noir\/","title":{"rendered":"148 cm Mini Anime Dark Elf Teen Sex Doll"},"content":{"rendered":"<p>La poup\u00e9e sexuelle rose de 148 cm est livr\u00e9e avec la possibilit\u00e9 de personnalisation. Vous pouvez d\u00e9cider de rendre votre poup\u00e9e sexuelle de 153 cm rousse, blonde ou brune. La chaleur et le lubrifiant de l&#039;elfe noir anime mini poup\u00e9e sexuelle vous offrent un acc\u00e8s facile lorsque vous baisez la poup\u00e9e Barbie comme une mini poup\u00e9e sexuelle.<\/p>\n<p>&nbsp;<\/p>\n<p>Vous voulez une mini poup\u00e9e sexuelle pas ch\u00e8re ? Notre magasin de poup\u00e9es sexuelles propose des poup\u00e9es abordables comme la poup\u00e9e sexuelle sexdollonline Loli et la gamme de poup\u00e9es sexuelles pour adolescents. En achetant une poup\u00e9e abordable, recherchez \u00e9galement la durabilit\u00e9. Les meilleures poup\u00e9es en termes de durabilit\u00e9 incluent la poup\u00e9e sexuelle de 153 cm en silicone et tpe.<\/p>\n<p>&nbsp;<\/p>\n<p>Une vid\u00e9o porno de jeune voyou avec une poup\u00e9e sexuelle pr\u00e9sente les vraies adolescentes de poup\u00e9es sexuelles irakiennes dans diff\u00e9rentes positions sexuelles. Vous pouvez \u00e9galement vous procurer une poup\u00e9e d&#039;amour r\u00e9aliste de diff\u00e9rentes tailles pour votre collection de poup\u00e9es sexuelles.<\/p>\n<p>&nbsp;<\/p>\n\t\t<div data-elementor-type=\"section\" data-elementor-id=\"15956\" class=\"elementor elementor-15956\" data-elementor-post-type=\"elementor_library\">\n\t\t\t<div class=\"wd-negative-gap elementor-element elementor-element-e744d45 e-flex e-con-boxed e-con e-parent\" data-id=\"e744d45\" data-element_type=\"container\">\n\t\t\t\t\t<div class=\"e-con-inner\">\n\t\t<div class=\"wd-negative-gap elementor-element elementor-element-2abc4734 e-flex e-con-boxed e-con e-child\" data-id=\"2abc4734\" data-element_type=\"container\">\n\t\t\t\t\t<div class=\"e-con-inner\">\n\t\t<div class=\"wd-negative-gap elementor-element elementor-element-e4e90d0 e-flex e-con-boxed e-con e-child\" data-id=\"e4e90d0\" data-element_type=\"container\">\n\t\t\t\t\t<div class=\"e-con-inner\">\n\t\t\t\t<div class=\"elementor-element elementor-element-2191b1a4 elementor-cta--skin-cover elementor-animated-content elementor-bg-transform elementor-bg-transform-zoom-in elementor-widget elementor-widget-call-to-action\" data-id=\"2191b1a4\" data-element_type=\"widget\" data-widget_type=\"call-to-action.default\">\n\t\t\t\t<div class=\"elementor-widget-container\">\n\t\t\t\t\t<a class=\"elementor-cta\" href=\"https:\/\/umidoll.com\/fr\/photos-de-poupees-sexuelles\/\">\n\t\t\t\t\t<div class=\"elementor-cta__bg-wrapper\">\n\t\t\t\t<div class=\"elementor-cta__bg elementor-bg\" style=\"background-image: url(https:\/\/umidoll.com\/wp-content\/uploads\/2024\/04\/redirect.jpg);\" role=\"img\" aria-label=\"r\u00e9orienter\"><\/div>\n\t\t\t\t<div class=\"elementor-cta__bg-overlay\"><\/div>\n\t\t\t<\/div>\n\t\t\t\t\t\t\t<div class=\"elementor-cta__content\">\n\t\t\t\t\n\t\t\t\t\t\t\t\t\t<h2 class=\"elementor-cta__title elementor-cta__content-item elementor-content-item elementor-animated-item--grow\">\n\t\t\t\t\t\tPlus de 2500 petites mini poup\u00e9es sexuelles <\/br>sexdollxxx.org\t\t\t\t\t<\/h2>\n\t\t\t\t\n\t\t\t\t\t\t\t\t\t<div class=\"elementor-cta__description elementor-cta__content-item elementor-content-item elementor-animated-item--grow\">\n\t\t\t\t\t\t40 cm, 60 cm, 80 cm, 100 cm, 120 cm, 140 cm\t\t\t\t\t<\/div>\n\t\t\t\t\n\t\t\t\t\t\t\t\t\t<div class=\"elementor-cta__button-wrapper elementor-cta__content-item elementor-content-item elementor-animated-item--grow\">\n\t\t\t\t\t<span class=\"elementor-cta__button elementor-button elementor-size-md\">\n\t\t\t\t\t\tAchetez maintenant\t\t\t\t\t<\/span>\n\t\t\t\t\t<\/div>\n\t\t\t\t\t\t\t<\/div>\n\t\t\t\t\t\t<\/a>\n\t\t\t\t<\/div>\n\t\t\t\t<\/div>\n\t\t\t\t\t<\/div>\n\t\t\t\t<\/div>\n\t\t\t\t\t<\/div>\n\t\t\t\t<\/div>\n\t\t\t\t\t<\/div>\n\t\t\t\t<\/div>\n\t\t\t\t<\/div>","protected":false},"excerpt":{"rendered":"<div data-elementor-type=\"section\" data-elementor-id=\"15952\" class=\"elementor elementor-15952\" data-elementor-post-type=\"elementor_library\">\n<div class=\"wd-negative-gap elementor-element elementor-element-49f97e26 e-flex e-con-boxed e-con e-parent\" data-id=\"49f97e26\" data-element_type=\"container\">\n<div class=\"e-con-inner\">\n<div class=\"wd-negative-gap elementor-element elementor-element-449b9556 e-flex e-con-boxed e-con e-child\" data-id=\"449b9556\" data-element_type=\"container\">\n<div class=\"e-con-inner\">\n<div class=\"elementor-element elementor-element-613a7c10 elementor-cta--skin-cover elementor-animated-content elementor-bg-transform elementor-bg-transform-zoom-in elementor-widget elementor-widget-call-to-action\" data-id=\"613a7c10\" data-element_type=\"widget\" data-widget_type=\"call-to-action.default\">\n<div class=\"elementor-widget-container\">\n\t\t\t<link rel=\"stylesheet\" href=\"https:\/\/umidoll.com\/wp-content\/uploads\/elementor\/css\/custom-pro-widget-call-to-action.min.css?ver=1716081091\">\t\t<a class=\"elementor-cta\" href=\"https:\/\/umidoll.com\/fr\/photos-de-poupees-sexuelles\/\"><\/p>\n<div class=\"elementor-cta__bg-wrapper\">\n<div class=\"elementor-cta__bg elementor-bg\" style=\"background-image: url(https:\/\/umidoll.com\/wp-content\/uploads\/2024\/04\/redirect-1.jpg);\" role=\"img\" aria-label=\"redirection.jpg\"><\/div>\n<div class=\"elementor-cta__bg-overlay\"><\/div>\n<\/p><\/div>\n<div class=\"elementor-cta__content\">\n<h2 class=\"elementor-cta__title elementor-cta__content-item elementor-content-item elementor-animated-item--grow\">\n\t\t\t\t\t\tPlus de 2500 petites mini poup\u00e9es sexuelles <\/br>sexdollxxx.org\t\t\t\t\t<\/h2>\n<div class=\"elementor-cta__description elementor-cta__content-item elementor-content-item elementor-animated-item--grow\">\n\t\t\t\t\t\t40 cm, 60 cm, 80 cm, 100 cm, 120 cm, 140 cm\t\t\t\t\t<\/div>\n<div class=\"elementor-cta__button-wrapper elementor-cta__content-item elementor-content-item elementor-animated-item--grow\">\n\t\t\t\t\t<span class=\"elementor-cta__button elementor-button elementor-size-md\"><br \/>\n\t\t\t\t\t\tAchetez maintenant\t\t\t\t\t<\/span>\n\t\t\t\t\t<\/div>\n<\/p><\/div>\n<p>\t\t\t\t\t\t<\/a>\n\t\t\t\t<\/div>\n<\/p><\/div>\n<\/p><\/div>\n<\/p><\/div>\n<\/p><\/div>\n<\/p><\/div>\n<\/p><\/div>","protected":false},"featured_media":15950,"comment_status":"closed","ping_status":"closed","template":"","meta":[],"product_cat":[803,797,791],"product_tag":[],"aioseo_notices":[],"_links":{"self":[{"href":"https:\/\/umidoll.com\/fr\/wp-json\/wp\/v2\/product\/21041"}],"collection":[{"href":"https:\/\/umidoll.com\/fr\/wp-json\/wp\/v2\/product"}],"about":[{"href":"https:\/\/umidoll.com\/fr\/wp-json\/wp\/v2\/types\/product"}],"replies":[{"embeddable":true,"href":"https:\/\/umidoll.com\/fr\/wp-json\/wp\/v2\/comments?post=21041"}],"version-history":[{"count":1,"href":"https:\/\/umidoll.com\/fr\/wp-json\/wp\/v2\/product\/21041\/revisions"}],"predecessor-version":[{"id":21042,"href":"https:\/\/umidoll.com\/fr\/wp-json\/wp\/v2\/product\/21041\/revisions\/21042"}],"wp:featuredmedia":[{"embeddable":true,"href":"https:\/\/umidoll.com\/fr\/wp-json\/wp\/v2\/media\/15950"}],"wp:attachment":[{"href":"https:\/\/umidoll.com\/fr\/wp-json\/wp\/v2\/media?parent=21041"}],"wp:term":[{"taxonomy":"product_cat","embeddable":true,"href":"https:\/\/umidoll.com\/fr\/wp-json\/wp\/v2\/product_cat?post=21041"},{"taxonomy":"product_tag","embeddable":true,"href":"https:\/\/umidoll.com\/fr\/wp-json\/wp\/v2\/product_tag?post=21041"}],"curies":[{"name":"wp","href":"https:\/\/api.w.org\/{rel}","templated":true}]}}