{"id":20985,"date":"2024-04-22T12:32:00","date_gmt":"2024-04-22T12:32:00","guid":{"rendered":"https:\/\/aimdoll.com\/product\/realistic-12-inch-curvy-mini-sex-doll-review\/"},"modified":"2024-05-06T06:16:21","modified_gmt":"2024-05-06T06:16:21","slug":"realistic-12-inch-curvy-mini-sex-doll-review","status":"publish","type":"product","link":"https:\/\/umidoll.com\/fr\/product\/examen-de-mini-poupee-de-sexe-courbee-realiste-de-12-pouces\/","title":{"rendered":"Examen d&#039;une mini poup\u00e9e sexuelle courb\u00e9e r\u00e9aliste de 12 pouces"},"content":{"rendered":"<p>Dans le petit porno r\u00e9aliste de poup\u00e9e sexuelle, la mini bite de poup\u00e9e sexuelle de 12 pouces p\u00e9n\u00e8tre compl\u00e8tement dans le vagin, provoquant des orgasmes. Se procurer une t\u00eate de poup\u00e9e sexuelle de 80 cm vous garantira de jouir pendant la pipe. Vous pouvez concevoir un gif sexuel de mini poup\u00e9e \u00e0 garder avec vous \u00e0 tout moment.<\/p>\n<p>&nbsp;<\/p>\n<p>La petite vid\u00e9o de poup\u00e9e sexuelle montre que la baise avec une vraie poup\u00e9e \u00e0 poitrine plate peut devenir intense si vous le d\u00e9sirez. Il n&#039;y a pas de position sexuelle coquine dans laquelle la poup\u00e9e sexuelle r\u00e9aliste de 100 cm en silicone moyen peut rester gr\u00e2ce \u00e0 son squelette flexible. Vous avez la libert\u00e9 d&#039;essayer diff\u00e9rents styles sexuels, comme le montre la petite vid\u00e9o de poup\u00e9e sexuelle.<\/p>\n<p>&nbsp;<\/p>\n<p>Le forum des poup\u00e9es sexuelles de 160 cm a \u00e9t\u00e9 con\u00e7u pour r\u00e9pondre aux questions et suggestions concernant le sexe des poup\u00e9es sexuelles de 100 cm. Vous pouvez visiter le site d&#039;\u00e9valuation des mini poup\u00e9es sexuelles pour voir ce que les gens pensent d&#039;une poup\u00e9e sexuelle en particulier avant de l&#039;acheter.<\/p>\n<p>&nbsp;<\/p>\n\t\t<div data-elementor-type=\"section\" data-elementor-id=\"15956\" class=\"elementor elementor-15956\" data-elementor-post-type=\"elementor_library\">\n\t\t\t<div class=\"wd-negative-gap elementor-element elementor-element-e744d45 e-flex e-con-boxed e-con e-parent\" data-id=\"e744d45\" data-element_type=\"container\">\n\t\t\t\t\t<div class=\"e-con-inner\">\n\t\t<div class=\"wd-negative-gap elementor-element elementor-element-2abc4734 e-flex e-con-boxed e-con e-child\" data-id=\"2abc4734\" data-element_type=\"container\">\n\t\t\t\t\t<div class=\"e-con-inner\">\n\t\t<div class=\"wd-negative-gap elementor-element elementor-element-e4e90d0 e-flex e-con-boxed e-con e-child\" data-id=\"e4e90d0\" data-element_type=\"container\">\n\t\t\t\t\t<div class=\"e-con-inner\">\n\t\t\t\t<div class=\"elementor-element elementor-element-2191b1a4 elementor-cta--skin-cover elementor-animated-content elementor-bg-transform elementor-bg-transform-zoom-in elementor-widget elementor-widget-call-to-action\" data-id=\"2191b1a4\" data-element_type=\"widget\" data-widget_type=\"call-to-action.default\">\n\t\t\t\t<div class=\"elementor-widget-container\">\n\t\t\t\t\t<a class=\"elementor-cta\" href=\"https:\/\/umidoll.com\/fr\/photos-de-poupees-sexuelles\/\">\n\t\t\t\t\t<div class=\"elementor-cta__bg-wrapper\">\n\t\t\t\t<div class=\"elementor-cta__bg elementor-bg\" style=\"background-image: url(https:\/\/umidoll.com\/wp-content\/uploads\/2024\/04\/redirect.jpg);\" role=\"img\" aria-label=\"r\u00e9orienter\"><\/div>\n\t\t\t\t<div class=\"elementor-cta__bg-overlay\"><\/div>\n\t\t\t<\/div>\n\t\t\t\t\t\t\t<div class=\"elementor-cta__content\">\n\t\t\t\t\n\t\t\t\t\t\t\t\t\t<h2 class=\"elementor-cta__title elementor-cta__content-item elementor-content-item elementor-animated-item--grow\">\n\t\t\t\t\t\tPlus de 2500 petites mini poup\u00e9es sexuelles <\/br>sexdollxxx.org\t\t\t\t\t<\/h2>\n\t\t\t\t\n\t\t\t\t\t\t\t\t\t<div class=\"elementor-cta__description elementor-cta__content-item elementor-content-item elementor-animated-item--grow\">\n\t\t\t\t\t\t40 cm, 60 cm, 80 cm, 100 cm, 120 cm, 140 cm\t\t\t\t\t<\/div>\n\t\t\t\t\n\t\t\t\t\t\t\t\t\t<div class=\"elementor-cta__button-wrapper elementor-cta__content-item elementor-content-item elementor-animated-item--grow\">\n\t\t\t\t\t<span class=\"elementor-cta__button elementor-button elementor-size-md\">\n\t\t\t\t\t\tAchetez maintenant\t\t\t\t\t<\/span>\n\t\t\t\t\t<\/div>\n\t\t\t\t\t\t\t<\/div>\n\t\t\t\t\t\t<\/a>\n\t\t\t\t<\/div>\n\t\t\t\t<\/div>\n\t\t\t\t\t<\/div>\n\t\t\t\t<\/div>\n\t\t\t\t\t<\/div>\n\t\t\t\t<\/div>\n\t\t\t\t\t<\/div>\n\t\t\t\t<\/div>\n\t\t\t\t<\/div>","protected":false},"excerpt":{"rendered":"<div data-elementor-type=\"section\" data-elementor-id=\"15952\" class=\"elementor elementor-15952\" data-elementor-post-type=\"elementor_library\">\n<div class=\"wd-negative-gap elementor-element elementor-element-49f97e26 e-flex e-con-boxed e-con e-parent\" data-id=\"49f97e26\" data-element_type=\"container\">\n<div class=\"e-con-inner\">\n<div class=\"wd-negative-gap elementor-element elementor-element-449b9556 e-flex e-con-boxed e-con e-child\" data-id=\"449b9556\" data-element_type=\"container\">\n<div class=\"e-con-inner\">\n<div class=\"elementor-element elementor-element-613a7c10 elementor-cta--skin-cover elementor-animated-content elementor-bg-transform elementor-bg-transform-zoom-in elementor-widget elementor-widget-call-to-action\" data-id=\"613a7c10\" data-element_type=\"widget\" data-widget_type=\"call-to-action.default\">\n<div class=\"elementor-widget-container\">\n\t\t\t<link rel=\"stylesheet\" href=\"https:\/\/umidoll.com\/wp-content\/uploads\/elementor\/css\/custom-pro-widget-call-to-action.min.css?ver=1716081091\">\t\t<a class=\"elementor-cta\" href=\"https:\/\/umidoll.com\/fr\/photos-de-poupees-sexuelles\/\"><\/p>\n<div class=\"elementor-cta__bg-wrapper\">\n<div class=\"elementor-cta__bg elementor-bg\" style=\"background-image: url(https:\/\/umidoll.com\/wp-content\/uploads\/2024\/04\/redirect-1.jpg);\" role=\"img\" aria-label=\"redirection.jpg\"><\/div>\n<div class=\"elementor-cta__bg-overlay\"><\/div>\n<\/p><\/div>\n<div class=\"elementor-cta__content\">\n<h2 class=\"elementor-cta__title elementor-cta__content-item elementor-content-item elementor-animated-item--grow\">\n\t\t\t\t\t\tPlus de 2500 petites mini poup\u00e9es sexuelles <\/br>sexdollxxx.org\t\t\t\t\t<\/h2>\n<div class=\"elementor-cta__description elementor-cta__content-item elementor-content-item elementor-animated-item--grow\">\n\t\t\t\t\t\t40 cm, 60 cm, 80 cm, 100 cm, 120 cm, 140 cm\t\t\t\t\t<\/div>\n<div class=\"elementor-cta__button-wrapper elementor-cta__content-item elementor-content-item elementor-animated-item--grow\">\n\t\t\t\t\t<span class=\"elementor-cta__button elementor-button elementor-size-md\"><br \/>\n\t\t\t\t\t\tAchetez maintenant\t\t\t\t\t<\/span>\n\t\t\t\t\t<\/div>\n<\/p><\/div>\n<p>\t\t\t\t\t\t<\/a>\n\t\t\t\t<\/div>\n<\/p><\/div>\n<\/p><\/div>\n<\/p><\/div>\n<\/p><\/div>\n<\/p><\/div>\n<\/p><\/div>","protected":false},"featured_media":15950,"comment_status":"closed","ping_status":"closed","template":"","meta":[],"product_cat":[771,770,802],"product_tag":[],"aioseo_notices":[],"_links":{"self":[{"href":"https:\/\/umidoll.com\/fr\/wp-json\/wp\/v2\/product\/20985"}],"collection":[{"href":"https:\/\/umidoll.com\/fr\/wp-json\/wp\/v2\/product"}],"about":[{"href":"https:\/\/umidoll.com\/fr\/wp-json\/wp\/v2\/types\/product"}],"replies":[{"embeddable":true,"href":"https:\/\/umidoll.com\/fr\/wp-json\/wp\/v2\/comments?post=20985"}],"version-history":[{"count":1,"href":"https:\/\/umidoll.com\/fr\/wp-json\/wp\/v2\/product\/20985\/revisions"}],"predecessor-version":[{"id":20986,"href":"https:\/\/umidoll.com\/fr\/wp-json\/wp\/v2\/product\/20985\/revisions\/20986"}],"wp:featuredmedia":[{"embeddable":true,"href":"https:\/\/umidoll.com\/fr\/wp-json\/wp\/v2\/media\/15950"}],"wp:attachment":[{"href":"https:\/\/umidoll.com\/fr\/wp-json\/wp\/v2\/media?parent=20985"}],"wp:term":[{"taxonomy":"product_cat","embeddable":true,"href":"https:\/\/umidoll.com\/fr\/wp-json\/wp\/v2\/product_cat?post=20985"},{"taxonomy":"product_tag","embeddable":true,"href":"https:\/\/umidoll.com\/fr\/wp-json\/wp\/v2\/product_tag?post=20985"}],"curies":[{"name":"wp","href":"https:\/\/api.w.org\/{rel}","templated":true}]}}