{"id":20907,"date":"2024-04-22T12:31:52","date_gmt":"2024-04-22T12:31:52","guid":{"rendered":"https:\/\/aimdoll.com\/product\/fleshy-newfoundland-flat-chest-amazon-sex-doll\/"},"modified":"2024-05-06T07:57:24","modified_gmt":"2024-05-06T07:57:24","slug":"fleshy-newfoundland-flat-chest-amazon-sex-doll","status":"publish","type":"product","link":"https:\/\/umidoll.com\/fr\/product\/poupee-de-sexe-amazon-a-poitrine-plate-charnue-de-terre-neuve\/","title":{"rendered":"Poup\u00e9e sexuelle Amazon \u00e0 poitrine plate charnue de Terre-Neuve"},"content":{"rendered":"<p>Quelqu&#039;un a-t-il \u00e9t\u00e9 arr\u00eat\u00e9 pour possession d&#039;une jeune poup\u00e9e sexuelle ? Poss\u00e9der une petite poup\u00e9e sexuelle aux seins \u00e9normes n&#039;est pas un d\u00e9lit, car vous faites de votre \u00e9panouissement sexuel une priorit\u00e9. Les th\u00e9rapeutes encouragent les gens \u00e0 avoir fr\u00e9quemment des orgasmes et cela est possible si vous poss\u00e9dez une poup\u00e9e sexuelle \u00e0 poitrine plate Amazon.<\/p>\n<p>&nbsp;<\/p>\n<p>Ce n&#039;est pas une nouvelle de voir des adolescentes noires excit\u00e9es se frotter \u00e0 une poup\u00e9e sexuelle en caoutchouc. L\u2019envie d\u2019avoir des orgasmes peut devenir intense. Les femmes ont des besoins sexuels que la grosse bite de la petite poup\u00e9e sexuelle peut satisfaire. La poup\u00e9e sexuelle Little Black Girls poss\u00e8de un clitoris qui se connecte \u00e0 votre bite et offre une p\u00e9n\u00e9tration en douceur.<\/p>\n<p>&nbsp;<\/p>\n<p>La grande mini poup\u00e9e sexuelle de 12 pouces Black Friday est l\u00e0. Saisissez l&#039;opportunit\u00e9 d&#039;obtenir la poup\u00e9e d&#039;amour charnue et mutante, le petit Chris. Vous pouvez \u00e9galement visiter le site du forum des poup\u00e9es sexuelles de 100 cm : Imagefap.com. La pornographie juv\u00e9nile des poup\u00e9es sexuelles de Terre-Neuve capte votre attention et vous rend dans le besoin d&#039;excitation.<\/p>\n<p>&nbsp;<\/p>\n<p>&nbsp;<\/p>\n\t\t<div data-elementor-type=\"section\" data-elementor-id=\"15956\" class=\"elementor elementor-15956\" data-elementor-post-type=\"elementor_library\">\n\t\t\t<div class=\"wd-negative-gap elementor-element elementor-element-e744d45 e-flex e-con-boxed e-con e-parent\" data-id=\"e744d45\" data-element_type=\"container\">\n\t\t\t\t\t<div class=\"e-con-inner\">\n\t\t<div class=\"wd-negative-gap elementor-element elementor-element-2abc4734 e-flex e-con-boxed e-con e-child\" data-id=\"2abc4734\" data-element_type=\"container\">\n\t\t\t\t\t<div class=\"e-con-inner\">\n\t\t<div class=\"wd-negative-gap elementor-element elementor-element-e4e90d0 e-flex e-con-boxed e-con e-child\" data-id=\"e4e90d0\" data-element_type=\"container\">\n\t\t\t\t\t<div class=\"e-con-inner\">\n\t\t\t\t<div class=\"elementor-element elementor-element-2191b1a4 elementor-cta--skin-cover elementor-animated-content elementor-bg-transform elementor-bg-transform-zoom-in elementor-widget elementor-widget-call-to-action\" data-id=\"2191b1a4\" data-element_type=\"widget\" data-widget_type=\"call-to-action.default\">\n\t\t\t\t<div class=\"elementor-widget-container\">\n\t\t\t\t\t<a class=\"elementor-cta\" href=\"https:\/\/umidoll.com\/fr\/photos-de-poupees-sexuelles\/\">\n\t\t\t\t\t<div class=\"elementor-cta__bg-wrapper\">\n\t\t\t\t<div class=\"elementor-cta__bg elementor-bg\" style=\"background-image: url(https:\/\/umidoll.com\/wp-content\/uploads\/2024\/04\/redirect.jpg);\" role=\"img\" aria-label=\"r\u00e9orienter\"><\/div>\n\t\t\t\t<div class=\"elementor-cta__bg-overlay\"><\/div>\n\t\t\t<\/div>\n\t\t\t\t\t\t\t<div class=\"elementor-cta__content\">\n\t\t\t\t\n\t\t\t\t\t\t\t\t\t<h2 class=\"elementor-cta__title elementor-cta__content-item elementor-content-item elementor-animated-item--grow\">\n\t\t\t\t\t\tPlus de 2500 petites mini poup\u00e9es sexuelles <\/br>sexdollxxx.org\t\t\t\t\t<\/h2>\n\t\t\t\t\n\t\t\t\t\t\t\t\t\t<div class=\"elementor-cta__description elementor-cta__content-item elementor-content-item elementor-animated-item--grow\">\n\t\t\t\t\t\t40 cm, 60 cm, 80 cm, 100 cm, 120 cm, 140 cm\t\t\t\t\t<\/div>\n\t\t\t\t\n\t\t\t\t\t\t\t\t\t<div class=\"elementor-cta__button-wrapper elementor-cta__content-item elementor-content-item elementor-animated-item--grow\">\n\t\t\t\t\t<span class=\"elementor-cta__button elementor-button elementor-size-md\">\n\t\t\t\t\t\tAchetez maintenant\t\t\t\t\t<\/span>\n\t\t\t\t\t<\/div>\n\t\t\t\t\t\t\t<\/div>\n\t\t\t\t\t\t<\/a>\n\t\t\t\t<\/div>\n\t\t\t\t<\/div>\n\t\t\t\t\t<\/div>\n\t\t\t\t<\/div>\n\t\t\t\t\t<\/div>\n\t\t\t\t<\/div>\n\t\t\t\t\t<\/div>\n\t\t\t\t<\/div>\n\t\t\t\t<\/div>","protected":false},"excerpt":{"rendered":"<div data-elementor-type=\"section\" data-elementor-id=\"15952\" class=\"elementor elementor-15952\" data-elementor-post-type=\"elementor_library\">\n<div class=\"wd-negative-gap elementor-element elementor-element-49f97e26 e-flex e-con-boxed e-con e-parent\" data-id=\"49f97e26\" data-element_type=\"container\">\n<div class=\"e-con-inner\">\n<div class=\"wd-negative-gap elementor-element elementor-element-449b9556 e-flex e-con-boxed e-con e-child\" data-id=\"449b9556\" data-element_type=\"container\">\n<div class=\"e-con-inner\">\n<div class=\"elementor-element elementor-element-613a7c10 elementor-cta--skin-cover elementor-animated-content elementor-bg-transform elementor-bg-transform-zoom-in elementor-widget elementor-widget-call-to-action\" data-id=\"613a7c10\" data-element_type=\"widget\" data-widget_type=\"call-to-action.default\">\n<div class=\"elementor-widget-container\">\n\t\t\t<link rel=\"stylesheet\" href=\"https:\/\/umidoll.com\/wp-content\/uploads\/elementor\/css\/custom-pro-widget-call-to-action.min.css?ver=1716081091\">\t\t<a class=\"elementor-cta\" href=\"https:\/\/umidoll.com\/fr\/photos-de-poupees-sexuelles\/\"><\/p>\n<div class=\"elementor-cta__bg-wrapper\">\n<div class=\"elementor-cta__bg elementor-bg\" style=\"background-image: url(https:\/\/umidoll.com\/wp-content\/uploads\/2024\/04\/redirect-1.jpg);\" role=\"img\" aria-label=\"redirection.jpg\"><\/div>\n<div class=\"elementor-cta__bg-overlay\"><\/div>\n<\/p><\/div>\n<div class=\"elementor-cta__content\">\n<h2 class=\"elementor-cta__title elementor-cta__content-item elementor-content-item elementor-animated-item--grow\">\n\t\t\t\t\t\tPlus de 2500 petites mini poup\u00e9es sexuelles <\/br>sexdollxxx.org\t\t\t\t\t<\/h2>\n<div class=\"elementor-cta__description elementor-cta__content-item elementor-content-item elementor-animated-item--grow\">\n\t\t\t\t\t\t40 cm, 60 cm, 80 cm, 100 cm, 120 cm, 140 cm\t\t\t\t\t<\/div>\n<div class=\"elementor-cta__button-wrapper elementor-cta__content-item elementor-content-item elementor-animated-item--grow\">\n\t\t\t\t\t<span class=\"elementor-cta__button elementor-button elementor-size-md\"><br \/>\n\t\t\t\t\t\tAchetez maintenant\t\t\t\t\t<\/span>\n\t\t\t\t\t<\/div>\n<\/p><\/div>\n<p>\t\t\t\t\t\t<\/a>\n\t\t\t\t<\/div>\n<\/p><\/div>\n<\/p><\/div>\n<\/p><\/div>\n<\/p><\/div>\n<\/p><\/div>\n<\/p><\/div>","protected":false},"featured_media":15950,"comment_status":"closed","ping_status":"closed","template":"","meta":[],"product_cat":[778,761,762],"product_tag":[],"aioseo_notices":[],"_links":{"self":[{"href":"https:\/\/umidoll.com\/fr\/wp-json\/wp\/v2\/product\/20907"}],"collection":[{"href":"https:\/\/umidoll.com\/fr\/wp-json\/wp\/v2\/product"}],"about":[{"href":"https:\/\/umidoll.com\/fr\/wp-json\/wp\/v2\/types\/product"}],"replies":[{"embeddable":true,"href":"https:\/\/umidoll.com\/fr\/wp-json\/wp\/v2\/comments?post=20907"}],"version-history":[{"count":2,"href":"https:\/\/umidoll.com\/fr\/wp-json\/wp\/v2\/product\/20907\/revisions"}],"predecessor-version":[{"id":21671,"href":"https:\/\/umidoll.com\/fr\/wp-json\/wp\/v2\/product\/20907\/revisions\/21671"}],"wp:featuredmedia":[{"embeddable":true,"href":"https:\/\/umidoll.com\/fr\/wp-json\/wp\/v2\/media\/15950"}],"wp:attachment":[{"href":"https:\/\/umidoll.com\/fr\/wp-json\/wp\/v2\/media?parent=20907"}],"wp:term":[{"taxonomy":"product_cat","embeddable":true,"href":"https:\/\/umidoll.com\/fr\/wp-json\/wp\/v2\/product_cat?post=20907"},{"taxonomy":"product_tag","embeddable":true,"href":"https:\/\/umidoll.com\/fr\/wp-json\/wp\/v2\/product_tag?post=20907"}],"curies":[{"name":"wp","href":"https:\/\/api.w.org\/{rel}","templated":true}]}}