{"id":20839,"date":"2024-04-22T12:31:44","date_gmt":"2024-04-22T12:31:44","guid":{"rendered":"https:\/\/aimdoll.com\/product\/realistic-100-cm-bubble-butt-mini-sex-doll-design\/"},"modified":"2024-05-06T08:11:21","modified_gmt":"2024-05-06T08:11:21","slug":"realistic-100-cm-bubble-butt-mini-sex-doll-design","status":"publish","type":"product","link":"https:\/\/umidoll.com\/fr\/product\/conception-realiste-de-mini-poupee-de-sexe-bubble-butt-de-100-cm\/","title":{"rendered":"Conception de mini poup\u00e9e sexuelle r\u00e9aliste de 100 cm Bubble Butt"},"content":{"rendered":"<p>Il n\u2019y a rien de tel que le sexe entre femmes et poup\u00e9es mineures. Toutes les poup\u00e9es d&#039;amour r\u00e9alistes peuvent \u00eatre achet\u00e9es gratuitement. Le design de la mini poup\u00e9e sexuelle est s\u00e9duisant car des motifs de veines et de lignes sont dessin\u00e9s dans la peau. Pour acheter correctement du sexe de 100 cm, la revue de sexe de poup\u00e9e qita 100 cm est le meilleur endroit \u00e0 visiter.<\/p>\n<p>&nbsp;<\/p>\n<p>Une poup\u00e9e sexuelle de 130 cm sur Amazon peut \u00eatre obtenue avec des lubrifiants pour faciliter la p\u00e9n\u00e9tration. Le sexe avec une poup\u00e9e sexuelle de 100 cm vous offre une nouvelle vision du plaisir sexuel. La vraie poup\u00e9e adolescente est \u00e9vas\u00e9e et attend toute action sexuelle que vous entreprenez. Cet affichage gratuit vous laisse aux commandes.<\/p>\n<p>&nbsp;<\/p>\n<p>Une petite poup\u00e9e sexuelle r\u00e9aliste comme la poup\u00e9e sexuelle Bubble Butt de 100 cm est un excellent compagnon pour les nuits solitaires. Une collection de vraies poup\u00e9es sexuelles pour jeunes pourrait \u00eatre n\u00e9cessaire si vous avez des projets d&#039;orgies sexuelles ou de marathon. Chaque fois que vous baisez la petite poup\u00e9e sexuelle r\u00e9aliste, il y a une garantie d&#039;\u00e9panouissement sexuel.<\/p>\n<p>&nbsp;<\/p>\n<p>&nbsp;<\/p>\n<p>&nbsp;<\/p>\n\t\t<div data-elementor-type=\"section\" data-elementor-id=\"15956\" class=\"elementor elementor-15956\" data-elementor-post-type=\"elementor_library\">\n\t\t\t<div class=\"wd-negative-gap elementor-element elementor-element-e744d45 e-flex e-con-boxed e-con e-parent\" data-id=\"e744d45\" data-element_type=\"container\">\n\t\t\t\t\t<div class=\"e-con-inner\">\n\t\t<div class=\"wd-negative-gap elementor-element elementor-element-2abc4734 e-flex e-con-boxed e-con e-child\" data-id=\"2abc4734\" data-element_type=\"container\">\n\t\t\t\t\t<div class=\"e-con-inner\">\n\t\t<div class=\"wd-negative-gap elementor-element elementor-element-e4e90d0 e-flex e-con-boxed e-con e-child\" data-id=\"e4e90d0\" data-element_type=\"container\">\n\t\t\t\t\t<div class=\"e-con-inner\">\n\t\t\t\t<div class=\"elementor-element elementor-element-2191b1a4 elementor-cta--skin-cover elementor-animated-content elementor-bg-transform elementor-bg-transform-zoom-in elementor-widget elementor-widget-call-to-action\" data-id=\"2191b1a4\" data-element_type=\"widget\" data-widget_type=\"call-to-action.default\">\n\t\t\t\t<div class=\"elementor-widget-container\">\n\t\t\t\t\t<a class=\"elementor-cta\" href=\"https:\/\/umidoll.com\/fr\/photos-de-poupees-sexuelles\/\">\n\t\t\t\t\t<div class=\"elementor-cta__bg-wrapper\">\n\t\t\t\t<div class=\"elementor-cta__bg elementor-bg\" style=\"background-image: url(https:\/\/umidoll.com\/wp-content\/uploads\/2024\/04\/redirect.jpg);\" role=\"img\" aria-label=\"r\u00e9orienter\"><\/div>\n\t\t\t\t<div class=\"elementor-cta__bg-overlay\"><\/div>\n\t\t\t<\/div>\n\t\t\t\t\t\t\t<div class=\"elementor-cta__content\">\n\t\t\t\t\n\t\t\t\t\t\t\t\t\t<h2 class=\"elementor-cta__title elementor-cta__content-item elementor-content-item elementor-animated-item--grow\">\n\t\t\t\t\t\tPlus de 2500 petites mini poup\u00e9es sexuelles <\/br>sexdollxxx.org\t\t\t\t\t<\/h2>\n\t\t\t\t\n\t\t\t\t\t\t\t\t\t<div class=\"elementor-cta__description elementor-cta__content-item elementor-content-item elementor-animated-item--grow\">\n\t\t\t\t\t\t40 cm, 60 cm, 80 cm, 100 cm, 120 cm, 140 cm\t\t\t\t\t<\/div>\n\t\t\t\t\n\t\t\t\t\t\t\t\t\t<div class=\"elementor-cta__button-wrapper elementor-cta__content-item elementor-content-item elementor-animated-item--grow\">\n\t\t\t\t\t<span class=\"elementor-cta__button elementor-button elementor-size-md\">\n\t\t\t\t\t\tAchetez maintenant\t\t\t\t\t<\/span>\n\t\t\t\t\t<\/div>\n\t\t\t\t\t\t\t<\/div>\n\t\t\t\t\t\t<\/a>\n\t\t\t\t<\/div>\n\t\t\t\t<\/div>\n\t\t\t\t\t<\/div>\n\t\t\t\t<\/div>\n\t\t\t\t\t<\/div>\n\t\t\t\t<\/div>\n\t\t\t\t\t<\/div>\n\t\t\t\t<\/div>\n\t\t\t\t<\/div>","protected":false},"excerpt":{"rendered":"<div data-elementor-type=\"section\" data-elementor-id=\"15952\" class=\"elementor elementor-15952\" data-elementor-post-type=\"elementor_library\">\n<div class=\"wd-negative-gap elementor-element elementor-element-49f97e26 e-flex e-con-boxed e-con e-parent\" data-id=\"49f97e26\" data-element_type=\"container\">\n<div class=\"e-con-inner\">\n<div class=\"wd-negative-gap elementor-element elementor-element-449b9556 e-flex e-con-boxed e-con e-child\" data-id=\"449b9556\" data-element_type=\"container\">\n<div class=\"e-con-inner\">\n<div class=\"elementor-element elementor-element-613a7c10 elementor-cta--skin-cover elementor-animated-content elementor-bg-transform elementor-bg-transform-zoom-in elementor-widget elementor-widget-call-to-action\" data-id=\"613a7c10\" data-element_type=\"widget\" data-widget_type=\"call-to-action.default\">\n<div class=\"elementor-widget-container\">\n\t\t\t<link rel=\"stylesheet\" href=\"https:\/\/umidoll.com\/wp-content\/uploads\/elementor\/css\/custom-pro-widget-call-to-action.min.css?ver=1716081091\">\t\t<a class=\"elementor-cta\" href=\"https:\/\/umidoll.com\/fr\/photos-de-poupees-sexuelles\/\"><\/p>\n<div class=\"elementor-cta__bg-wrapper\">\n<div class=\"elementor-cta__bg elementor-bg\" style=\"background-image: url(https:\/\/umidoll.com\/wp-content\/uploads\/2024\/04\/redirect-1.jpg);\" role=\"img\" aria-label=\"redirection.jpg\"><\/div>\n<div class=\"elementor-cta__bg-overlay\"><\/div>\n<\/p><\/div>\n<div class=\"elementor-cta__content\">\n<h2 class=\"elementor-cta__title elementor-cta__content-item elementor-content-item elementor-animated-item--grow\">\n\t\t\t\t\t\tPlus de 2500 petites mini poup\u00e9es sexuelles <\/br>sexdollxxx.org\t\t\t\t\t<\/h2>\n<div class=\"elementor-cta__description elementor-cta__content-item elementor-content-item elementor-animated-item--grow\">\n\t\t\t\t\t\t40 cm, 60 cm, 80 cm, 100 cm, 120 cm, 140 cm\t\t\t\t\t<\/div>\n<div class=\"elementor-cta__button-wrapper elementor-cta__content-item elementor-content-item elementor-animated-item--grow\">\n\t\t\t\t\t<span class=\"elementor-cta__button elementor-button elementor-size-md\"><br \/>\n\t\t\t\t\t\tAchetez maintenant\t\t\t\t\t<\/span>\n\t\t\t\t\t<\/div>\n<\/p><\/div>\n<p>\t\t\t\t\t\t<\/a>\n\t\t\t\t<\/div>\n<\/p><\/div>\n<\/p><\/div>\n<\/p><\/div>\n<\/p><\/div>\n<\/p><\/div>\n<\/p><\/div>","protected":false},"featured_media":15950,"comment_status":"closed","ping_status":"closed","template":"","meta":[],"product_cat":[782,801,800],"product_tag":[],"aioseo_notices":[],"_links":{"self":[{"href":"https:\/\/umidoll.com\/fr\/wp-json\/wp\/v2\/product\/20839"}],"collection":[{"href":"https:\/\/umidoll.com\/fr\/wp-json\/wp\/v2\/product"}],"about":[{"href":"https:\/\/umidoll.com\/fr\/wp-json\/wp\/v2\/types\/product"}],"replies":[{"embeddable":true,"href":"https:\/\/umidoll.com\/fr\/wp-json\/wp\/v2\/comments?post=20839"}],"version-history":[{"count":1,"href":"https:\/\/umidoll.com\/fr\/wp-json\/wp\/v2\/product\/20839\/revisions"}],"predecessor-version":[{"id":20840,"href":"https:\/\/umidoll.com\/fr\/wp-json\/wp\/v2\/product\/20839\/revisions\/20840"}],"wp:featuredmedia":[{"embeddable":true,"href":"https:\/\/umidoll.com\/fr\/wp-json\/wp\/v2\/media\/15950"}],"wp:attachment":[{"href":"https:\/\/umidoll.com\/fr\/wp-json\/wp\/v2\/media?parent=20839"}],"wp:term":[{"taxonomy":"product_cat","embeddable":true,"href":"https:\/\/umidoll.com\/fr\/wp-json\/wp\/v2\/product_cat?post=20839"},{"taxonomy":"product_tag","embeddable":true,"href":"https:\/\/umidoll.com\/fr\/wp-json\/wp\/v2\/product_tag?post=20839"}],"curies":[{"name":"wp","href":"https:\/\/api.w.org\/{rel}","templated":true}]}}