{"id":20801,"date":"2024-04-22T12:31:40","date_gmt":"2024-04-22T12:31:40","guid":{"rendered":"https:\/\/aimdoll.com\/product\/miniature-artificial-latex-flat-chest-sex-doll\/"},"modified":"2024-05-06T08:25:08","modified_gmt":"2024-05-06T08:25:08","slug":"miniature-artificial-latex-flat-chest-sex-doll","status":"publish","type":"product","link":"https:\/\/umidoll.com\/fr\/product\/poupee-de-sexe-miniature-a-poitrine-plate-en-latex-artificiel\/","title":{"rendered":"Poup\u00e9e sexuelle miniature \u00e0 poitrine plate en latex artificiel"},"content":{"rendered":"<p>En ce qui concerne la jeune poup\u00e9e sexuelle chatte, vous n&#039;aurez pas de difficult\u00e9 \u00e0 avoir une \u00e9rection. La poup\u00e9e sexuelle Little Buster Noumi est con\u00e7ue pour avoir toujours l&#039;air d&#039;humeur sexuelle. Cela signifie que la petite entreprise familiale de r\u00e9paration de poup\u00e9es r\u00e9elles ajoute une touche de r\u00e9alit\u00e9 \u00e0 la mini poup\u00e9e sexuelle en latex.<\/p>\n<p>&nbsp;<\/p>\n<p>Lorsqu&#039;une adolescente ladyboy couche avec une poup\u00e9e, c&#039;est simplement une rencontre de d\u00e9sirs, sans jugement. La miniature porno real doll fera des pipes, rentrera le p\u00e9nis et provoquera une \u00e9jaculation. Baiser une poup\u00e9e sexuelle de 80 cm vous donne d\u00e9finitivement la libert\u00e9 de r\u00e9aliser tous les fantasmes que vous avez en t\u00eate.<\/p>\n<p>&nbsp;<\/p>\n<p>Qu&#039;il s&#039;agisse d&#039;une poup\u00e9e sexuelle artificielle aux petits seins ou d&#039;une vraie poup\u00e9e \u00e0 poitrine plate utilisant un soutien-gorge, l&#039;exp\u00e9rience sexuelle de la poup\u00e9e sexuelle de 109 cm ne changera pas. L&#039;exp\u00e9rience sexuelle avec une poup\u00e9e de 109 cm a une fa\u00e7on de changer votre r\u00e9cit sur l&#039;amour.<\/p>\n<p>&nbsp;<\/p>\n\t\t<div data-elementor-type=\"section\" data-elementor-id=\"15956\" class=\"elementor elementor-15956\" data-elementor-post-type=\"elementor_library\">\n\t\t\t<div class=\"wd-negative-gap elementor-element elementor-element-e744d45 e-flex e-con-boxed e-con e-parent\" data-id=\"e744d45\" data-element_type=\"container\">\n\t\t\t\t\t<div class=\"e-con-inner\">\n\t\t<div class=\"wd-negative-gap elementor-element elementor-element-2abc4734 e-flex e-con-boxed e-con e-child\" data-id=\"2abc4734\" data-element_type=\"container\">\n\t\t\t\t\t<div class=\"e-con-inner\">\n\t\t<div class=\"wd-negative-gap elementor-element elementor-element-e4e90d0 e-flex e-con-boxed e-con e-child\" data-id=\"e4e90d0\" data-element_type=\"container\">\n\t\t\t\t\t<div class=\"e-con-inner\">\n\t\t\t\t<div class=\"elementor-element elementor-element-2191b1a4 elementor-cta--skin-cover elementor-animated-content elementor-bg-transform elementor-bg-transform-zoom-in elementor-widget elementor-widget-call-to-action\" data-id=\"2191b1a4\" data-element_type=\"widget\" data-widget_type=\"call-to-action.default\">\n\t\t\t\t<div class=\"elementor-widget-container\">\n\t\t\t\t\t<a class=\"elementor-cta\" href=\"https:\/\/umidoll.com\/fr\/photos-de-poupees-sexuelles\/\">\n\t\t\t\t\t<div class=\"elementor-cta__bg-wrapper\">\n\t\t\t\t<div class=\"elementor-cta__bg elementor-bg\" style=\"background-image: url(https:\/\/umidoll.com\/wp-content\/uploads\/2024\/04\/redirect.jpg);\" role=\"img\" aria-label=\"r\u00e9orienter\"><\/div>\n\t\t\t\t<div class=\"elementor-cta__bg-overlay\"><\/div>\n\t\t\t<\/div>\n\t\t\t\t\t\t\t<div class=\"elementor-cta__content\">\n\t\t\t\t\n\t\t\t\t\t\t\t\t\t<h2 class=\"elementor-cta__title elementor-cta__content-item elementor-content-item elementor-animated-item--grow\">\n\t\t\t\t\t\tPlus de 2500 petites mini poup\u00e9es sexuelles <\/br>sexdollxxx.org\t\t\t\t\t<\/h2>\n\t\t\t\t\n\t\t\t\t\t\t\t\t\t<div class=\"elementor-cta__description elementor-cta__content-item elementor-content-item elementor-animated-item--grow\">\n\t\t\t\t\t\t40 cm, 60 cm, 80 cm, 100 cm, 120 cm, 140 cm\t\t\t\t\t<\/div>\n\t\t\t\t\n\t\t\t\t\t\t\t\t\t<div class=\"elementor-cta__button-wrapper elementor-cta__content-item elementor-content-item elementor-animated-item--grow\">\n\t\t\t\t\t<span class=\"elementor-cta__button elementor-button elementor-size-md\">\n\t\t\t\t\t\tAchetez maintenant\t\t\t\t\t<\/span>\n\t\t\t\t\t<\/div>\n\t\t\t\t\t\t\t<\/div>\n\t\t\t\t\t\t<\/a>\n\t\t\t\t<\/div>\n\t\t\t\t<\/div>\n\t\t\t\t\t<\/div>\n\t\t\t\t<\/div>\n\t\t\t\t\t<\/div>\n\t\t\t\t<\/div>\n\t\t\t\t\t<\/div>\n\t\t\t\t<\/div>\n\t\t\t\t<\/div>","protected":false},"excerpt":{"rendered":"<div data-elementor-type=\"section\" data-elementor-id=\"15952\" class=\"elementor elementor-15952\" data-elementor-post-type=\"elementor_library\">\n<div class=\"wd-negative-gap elementor-element elementor-element-49f97e26 e-flex e-con-boxed e-con e-parent\" data-id=\"49f97e26\" data-element_type=\"container\">\n<div class=\"e-con-inner\">\n<div class=\"wd-negative-gap elementor-element elementor-element-449b9556 e-flex e-con-boxed e-con e-child\" data-id=\"449b9556\" data-element_type=\"container\">\n<div class=\"e-con-inner\">\n<div class=\"elementor-element elementor-element-613a7c10 elementor-cta--skin-cover elementor-animated-content elementor-bg-transform elementor-bg-transform-zoom-in elementor-widget elementor-widget-call-to-action\" data-id=\"613a7c10\" data-element_type=\"widget\" data-widget_type=\"call-to-action.default\">\n<div class=\"elementor-widget-container\">\n\t\t\t<link rel=\"stylesheet\" href=\"https:\/\/umidoll.com\/wp-content\/uploads\/elementor\/css\/custom-pro-widget-call-to-action.min.css?ver=1716081091\">\t\t<a class=\"elementor-cta\" href=\"https:\/\/umidoll.com\/fr\/photos-de-poupees-sexuelles\/\"><\/p>\n<div class=\"elementor-cta__bg-wrapper\">\n<div class=\"elementor-cta__bg elementor-bg\" style=\"background-image: url(https:\/\/umidoll.com\/wp-content\/uploads\/2024\/04\/redirect-1.jpg);\" role=\"img\" aria-label=\"redirection.jpg\"><\/div>\n<div class=\"elementor-cta__bg-overlay\"><\/div>\n<\/p><\/div>\n<div class=\"elementor-cta__content\">\n<h2 class=\"elementor-cta__title elementor-cta__content-item elementor-content-item elementor-animated-item--grow\">\n\t\t\t\t\t\tPlus de 2500 petites mini poup\u00e9es sexuelles <\/br>sexdollxxx.org\t\t\t\t\t<\/h2>\n<div class=\"elementor-cta__description elementor-cta__content-item elementor-content-item elementor-animated-item--grow\">\n\t\t\t\t\t\t40 cm, 60 cm, 80 cm, 100 cm, 120 cm, 140 cm\t\t\t\t\t<\/div>\n<div class=\"elementor-cta__button-wrapper elementor-cta__content-item elementor-content-item elementor-animated-item--grow\">\n\t\t\t\t\t<span class=\"elementor-cta__button elementor-button elementor-size-md\"><br \/>\n\t\t\t\t\t\tAchetez maintenant\t\t\t\t\t<\/span>\n\t\t\t\t\t<\/div>\n<\/p><\/div>\n<p>\t\t\t\t\t\t<\/a>\n\t\t\t\t<\/div>\n<\/p><\/div>\n<\/p><\/div>\n<\/p><\/div>\n<\/p><\/div>\n<\/p><\/div>\n<\/p><\/div>","protected":false},"featured_media":15950,"comment_status":"closed","ping_status":"closed","template":"","meta":[],"product_cat":[778,761,762],"product_tag":[],"aioseo_notices":[],"_links":{"self":[{"href":"https:\/\/umidoll.com\/fr\/wp-json\/wp\/v2\/product\/20801"}],"collection":[{"href":"https:\/\/umidoll.com\/fr\/wp-json\/wp\/v2\/product"}],"about":[{"href":"https:\/\/umidoll.com\/fr\/wp-json\/wp\/v2\/types\/product"}],"replies":[{"embeddable":true,"href":"https:\/\/umidoll.com\/fr\/wp-json\/wp\/v2\/comments?post=20801"}],"version-history":[{"count":1,"href":"https:\/\/umidoll.com\/fr\/wp-json\/wp\/v2\/product\/20801\/revisions"}],"predecessor-version":[{"id":20802,"href":"https:\/\/umidoll.com\/fr\/wp-json\/wp\/v2\/product\/20801\/revisions\/20802"}],"wp:featuredmedia":[{"embeddable":true,"href":"https:\/\/umidoll.com\/fr\/wp-json\/wp\/v2\/media\/15950"}],"wp:attachment":[{"href":"https:\/\/umidoll.com\/fr\/wp-json\/wp\/v2\/media?parent=20801"}],"wp:term":[{"taxonomy":"product_cat","embeddable":true,"href":"https:\/\/umidoll.com\/fr\/wp-json\/wp\/v2\/product_cat?post=20801"},{"taxonomy":"product_tag","embeddable":true,"href":"https:\/\/umidoll.com\/fr\/wp-json\/wp\/v2\/product_tag?post=20801"}],"curies":[{"name":"wp","href":"https:\/\/api.w.org\/{rel}","templated":true}]}}