{"id":15592,"date":"2024-04-19T12:46:24","date_gmt":"2024-04-19T12:46:24","guid":{"rendered":"https:\/\/aimdoll.com\/?page_id=15592"},"modified":"2024-04-24T12:42:10","modified_gmt":"2024-04-24T12:42:10","slug":"about-us","status":"publish","type":"page","link":"https:\/\/umidoll.com\/fr\/a-propos-de-nous\/","title":{"rendered":"\u00c0 propos de nous"},"content":{"rendered":"<div data-elementor-type=\"wp-page\" data-elementor-id=\"15592\" class=\"elementor elementor-15592\" data-elementor-post-type=\"page\">\n\t\t\t\t\t\t<section class=\"wd-negative-gap elementor-section elementor-top-section elementor-element elementor-element-63ccb5ca space-xlg elementor-section-boxed elementor-section-height-default elementor-section-height-default\" data-id=\"63ccb5ca\" data-element_type=\"section\">\n\t\t\t\t\t\t<div class=\"elementor-container elementor-column-gap-default\">\n\t\t\t\t\t<div class=\"elementor-column elementor-col-100 elementor-top-column elementor-element elementor-element-7328e9f9\" data-id=\"7328e9f9\" data-element_type=\"column\">\n\t\t\t<div class=\"elementor-widget-wrap elementor-element-populated\">\n\t\t\t\t\t\t<div class=\"elementor-element elementor-element-65436a36 m-t-n-xs mb-5 elementor-widget elementor-widget-heading\" data-id=\"65436a36\" data-element_type=\"widget\" data-widget_type=\"heading.default\">\n\t\t\t\t<div class=\"elementor-widget-container\">\n\t\t\t<style>\/*! elementor - v3.21.0 - 15-04-2024 *\/\n.elementor-heading-title{padding:0;margin:0;line-height:1}.elementor-widget-heading .elementor-heading-title[class*=elementor-size-]>a{color:inherit;font-size:inherit;line-height:inherit}.elementor-widget-heading .elementor-heading-title.elementor-size-small{font-size:15px}.elementor-widget-heading .elementor-heading-title.elementor-size-medium{font-size:19px}.elementor-widget-heading .elementor-heading-title.elementor-size-large{font-size:29px}.elementor-widget-heading .elementor-heading-title.elementor-size-xl{font-size:39px}.elementor-widget-heading .elementor-heading-title.elementor-size-xxl{font-size:59px}<\/style><h2 class=\"elementor-heading-title elementor-size-default\">\u00c0 PROPOS D&#039;AINODOLL<\/h2>\t\t<\/div>\n\t\t\t\t<\/div>\n\t\t\t\t<div class=\"elementor-element elementor-element-596e654d mb-4 elementor-widget elementor-widget-heading\" data-id=\"596e654d\" data-element_type=\"widget\" data-widget_type=\"heading.default\">\n\t\t\t\t<div class=\"elementor-widget-container\">\n\t\t\t<h3 class=\"elementor-heading-title elementor-size-default\">Qui nous sommes<\/h3>\t\t<\/div>\n\t\t\t\t<\/div>\n\t\t\t\t<section class=\"elementor-section elementor-inner-section elementor-element elementor-element-7fd9f02d elementor-section-full_width elementor-section-height-default elementor-section-height-default\" data-id=\"7fd9f02d\" data-element_type=\"section\">\n\t\t\t\t\t\t<div class=\"elementor-container elementor-column-gap-default\">\n\t\t\t\t\t<div class=\"elementor-column elementor-col-100 elementor-inner-column elementor-element elementor-element-6e5a7277\" data-id=\"6e5a7277\" data-element_type=\"column\">\n\t\t\t<div class=\"elementor-widget-wrap elementor-element-populated\">\n\t\t\t\t\t\t<div class=\"elementor-element elementor-element-4f47d2b8 color-scheme-inherit text-left elementor-widget elementor-widget-text-editor\" data-id=\"4f47d2b8\" data-element_type=\"widget\" data-widget_type=\"text-editor.default\">\n\t\t\t\t<div class=\"elementor-widget-container\">\n\t\t\t<style>\/*! elementor - v3.21.0 - 15-04-2024 *\/\n.elementor-widget-text-editor.elementor-drop-cap-view-stacked .elementor-drop-cap{background-color:#69727d;color:#fff}.elementor-widget-text-editor.elementor-drop-cap-view-framed .elementor-drop-cap{color:#69727d;border:3px solid;background-color:transparent}.elementor-widget-text-editor:not(.elementor-drop-cap-view-default) .elementor-drop-cap{margin-top:8px}.elementor-widget-text-editor:not(.elementor-drop-cap-view-default) .elementor-drop-cap-letter{width:1em;height:1em}.elementor-widget-text-editor .elementor-drop-cap{float:left;text-align:center;line-height:1;font-size:50px}.elementor-widget-text-editor .elementor-drop-cap-letter{display:inline-block}<\/style>\t\t\t\t<p>Ainodoll.com est le site officiel des mini poup\u00e9es sexuelles. Nous sommes une \u00e9quipe de poup\u00e9es sexuelles en provenance de Chine et avons 6 ans d&#039;exp\u00e9rience dans la vente de poup\u00e9es sexuelles en ligne. Actuellement, nos mini poup\u00e9es sexuelles sont principalement vendues en Am\u00e9rique du Nord, en Europe, au Japon et en Australie.<\/p>\t\t\t\t\t\t<\/div>\n\t\t\t\t<\/div>\n\t\t\t\t\t<\/div>\n\t\t<\/div>\n\t\t\t\t\t<\/div>\n\t\t<\/section>\n\t\t\t\t<div class=\"elementor-element elementor-element-1a33b11d m-b-xl elementor-widget elementor-widget-heading\" data-id=\"1a33b11d\" data-element_type=\"widget\" data-widget_type=\"heading.default\">\n\t\t\t\t<div class=\"elementor-widget-container\">\n\t\t\t<h2 class=\"elementor-heading-title elementor-size-default\">Pourquoi nous choisir<\/h2>\t\t<\/div>\n\t\t\t\t<\/div>\n\t\t\t\t<section class=\"elementor-section elementor-inner-section elementor-element elementor-element-404f4648 elementor-section-full_width mb-4 pb-1 elementor-section-height-default elementor-section-height-default\" data-id=\"404f4648\" data-element_type=\"section\">\n\t\t\t\t\t\t<div class=\"elementor-container elementor-column-gap-default\">\n\t\t\t\t\t<div class=\"elementor-column elementor-col-100 elementor-inner-column elementor-element elementor-element-6a15efb2\" data-id=\"6a15efb2\" data-element_type=\"column\">\n\t\t\t<div class=\"elementor-widget-wrap elementor-element-populated\">\n\t\t\t\t\t\t<div class=\"elementor-element elementor-element-f38a1ea color-scheme-inherit text-left elementor-widget elementor-widget-text-editor\" data-id=\"f38a1ea\" data-element_type=\"widget\" data-widget_type=\"text-editor.default\">\n\t\t\t\t<div class=\"elementor-widget-container\">\n\t\t\t\t\t\t\t<h5>*100% Poup\u00e9es sexuelles d&#039;usine authentiques et certifi\u00e9es originales<\/h5><p>En tant que fournisseur professionnel de mini poup\u00e9es sexuelles, nous fournissons uniquement des produits de poup\u00e9es de haute qualit\u00e9 et travaillons avec des fabricants qui r\u00e9pondent \u00e0 nos sp\u00e9cifications de qualit\u00e9, tels que WM Dolls, Irontech Doll, 6Ye Doll, etc.<br \/>Nous savons ce que vous voulez lorsque vous achetez une poup\u00e9e sexuelle de qualit\u00e9 et nous avons une s\u00e9lection de poup\u00e9es sexuelles r\u00e9alistes rien que pour vous. Nos poup\u00e9es sont le r\u00e9sultat d&#039;une conception de pr\u00e9cision qui les rend excitantes et stimulantes \u00e0 utiliser. Nos poup\u00e9es d&#039;amour sont sculpt\u00e9es \u00e0 la main par des professionnels qui consacrent beaucoup de temps \u00e0 faire ressortir chaque d\u00e9tail. Chez ainodoll, nous sommes fiers de notre souci du d\u00e9tail et de la qualit\u00e9 des produits et garantissons donc la satisfaction de nos clients.<\/p><h5>*\u00c9norme collection de poup\u00e9es (plus de 2000 mini-poup\u00e9es)<\/h5><p>Notre usine de poup\u00e9es d\u00e9veloppe de nouveaux mod\u00e8les pour ajouter de nouvelles poup\u00e9es d&#039;amour chaque semaine. Avec autant de corps et de styles de t\u00eate parmi lesquels choisir, tout est possible ! Des grands mod\u00e8les voluptueux aux filles minces et agiles, tous les go\u00fbts peuvent \u00eatre satisfaits. Cela inclut \u00e9galement certains de nos amoureux exotiques, notamment des beaut\u00e9s elfiques et des mamans potel\u00e9es. Avec des t\u00eates interchangeables, il n&#039;a jamais \u00e9t\u00e9 aussi simple de m\u00e9langer les choses et d&#039;essayer quelque chose de nouveau !<\/p><h5>*Paiement s\u00e9curis\u00e9<\/h5><p>Notre site Web est crypt\u00e9 SSL et nous utilisons \u00e9galement PayPal pour garantir votre confidentialit\u00e9 et votre s\u00e9curit\u00e9. Nous ne traiterons pas votre commande tant que nous n&#039;aurons pas confirm\u00e9 que vos informations de paiement sont l\u00e9gitimes. Toutes nos op\u00e9rations bancaires, toutes d\u00e9livr\u00e9es, ne sont pas fonction de la nature du produit. Nous nous engageons \u00e0 fournir le plus haut niveau de confidentialit\u00e9 et ne divulguerons jamais vos informations personnelles \u00e0 des tiers. Pour plus d\u2019informations sur le paiement, veuillez consulter la page du guide de paiement.<\/p><h5>*Prix abordable et \u00e9quitable<\/h5><p>Lorsque vous achetez des poup\u00e9es sexuelles sur ainodoll.com, vous pouvez toujours \u00eatre s\u00fbr de trouver quelque chose qui respecte votre budget. Notre gamme de poup\u00e9es sexuelles de luxe est propos\u00e9e \u00e0 un prix raisonnable. Notre objectif est de vous fournir une poup\u00e9e sexuelle qui vous sert parfaitement et qui soit \u00e0 port\u00e9e de main.<\/p><h5>*Pas d&#039;arnaque et garantie d&#039;achat de satisfaction<\/h5>\t\t\t\t\t\t<\/div>\n\t\t\t\t<\/div>\n\t\t\t\t\t<\/div>\n\t\t<\/div>\n\t\t\t\t\t<\/div>\n\t\t<\/section>\n\t\t\t\t<section class=\"elementor-section elementor-inner-section elementor-element elementor-element-47670a94 elementor-section-full_width elementor-section-height-default elementor-section-height-default\" data-id=\"47670a94\" data-element_type=\"section\">\n\t\t\t\t\t\t<div class=\"elementor-container elementor-column-gap-default\">\n\t\t\t\t\t<div class=\"elementor-column elementor-col-100 elementor-inner-column elementor-element elementor-element-37e64a0a\" data-id=\"37e64a0a\" data-element_type=\"column\">\n\t\t\t<div class=\"elementor-widget-wrap elementor-element-populated\">\n\t\t\t\t\t\t<div class=\"elementor-element elementor-element-1012628c color-scheme-inherit text-left elementor-widget elementor-widget-text-editor\" data-id=\"1012628c\" data-element_type=\"widget\" data-widget_type=\"text-editor.default\">\n\t\t\t\t<div class=\"elementor-widget-container\">\n\t\t\t\t\t\t\t<p>Nous ne fournissons aucun produit faussement annonc\u00e9, nous traitons et accueillons sinc\u00e8rement tous les clients qui aiment les poup\u00e9es sexuelles.<\/p><p>De plus, nous travaillons dur pour nous assurer que vous obtenez la meilleure poup\u00e9e sexuelle possible disponible. Nous inspectons visuellement chaque poup\u00e9e de la t\u00eate aux pieds avant de donner notre approbation pour qu&#039;elle revienne chez vous. Elle ne part pas avant d&#039;\u00eatre d\u00e9c\u00e9d\u00e9e. Nous pouvons m\u00eame garantir que les petites choses que vous pourriez avoir sp\u00e9cialement demand\u00e9es soient prises en charge selon vos sp\u00e9cifications.<\/p><p>S&#039;il y a une erreur avec votre commande (d\u00e9fauts ou mauvaise exp\u00e9dition) \u00e0 la r\u00e9ception de votre poup\u00e9e, nous la r\u00e9parerons ou la remplacerons. Pour plus d\u2019informations, veuillez consulter la page Politique de retour.<\/p>\t\t\t\t\t\t<\/div>\n\t\t\t\t<\/div>\n\t\t\t\t\t<\/div>\n\t\t<\/div>\n\t\t\t\t\t<\/div>\n\t\t<\/section>\n\t\t\t\t\t<\/div>\n\t\t<\/div>\n\t\t\t\t\t<\/div>\n\t\t<\/section>\n\t\t\t\t<\/div>","protected":false},"excerpt":{"rendered":"<p>\u00c0 PROPOS D&#039;AINODOLL Qui nous sommes Ainodoll.com est le site officiel des mini poup\u00e9es sexuelles. Nous sommes une \u00e9quipe de poup\u00e9es sexuelles<\/p>","protected":false},"author":1,"featured_media":0,"parent":0,"menu_order":0,"comment_status":"closed","ping_status":"closed","template":"","meta":{"footnotes":""},"aioseo_notices":[],"_links":{"self":[{"href":"https:\/\/umidoll.com\/fr\/wp-json\/wp\/v2\/pages\/15592"}],"collection":[{"href":"https:\/\/umidoll.com\/fr\/wp-json\/wp\/v2\/pages"}],"about":[{"href":"https:\/\/umidoll.com\/fr\/wp-json\/wp\/v2\/types\/page"}],"author":[{"embeddable":true,"href":"https:\/\/umidoll.com\/fr\/wp-json\/wp\/v2\/users\/1"}],"replies":[{"embeddable":true,"href":"https:\/\/umidoll.com\/fr\/wp-json\/wp\/v2\/comments?post=15592"}],"version-history":[{"count":9,"href":"https:\/\/umidoll.com\/fr\/wp-json\/wp\/v2\/pages\/15592\/revisions"}],"predecessor-version":[{"id":21455,"href":"https:\/\/umidoll.com\/fr\/wp-json\/wp\/v2\/pages\/15592\/revisions\/21455"}],"wp:attachment":[{"href":"https:\/\/umidoll.com\/fr\/wp-json\/wp\/v2\/media?parent=15592"}],"curies":[{"name":"wp","href":"https:\/\/api.w.org\/{rel}","templated":true}]}}